{"id":3562,"date":"2022-11-10T23:37:36","date_gmt":"2022-11-10T23:37:36","guid":{"rendered":"https:\/\/zidtech.net\/ztch\/?page_id=3562"},"modified":"2022-11-10T23:47:49","modified_gmt":"2022-11-10T23:47:49","slug":"altacurso-2","status":"publish","type":"page","link":"https:\/\/zidtech.net\/ztch\/altacurso-2\/","title":{"rendered":"Registro"},"content":{"rendered":"\t\t<div data-elementor-type=\"wp-page\" data-elementor-id=\"3562\" class=\"elementor elementor-3562\" data-elementor-settings=\"[]\">\n\t\t\t\t\t\t<div class=\"elementor-inner\">\n\t\t\t\t\t\t\t<div class=\"elementor-section-wrap\">\n\t\t\t\t\t\t\t<section class=\"elementor-section elementor-top-section elementor-element elementor-element-608ffd9 elementor-section-boxed elementor-section-height-default elementor-section-height-default\" data-id=\"608ffd9\" data-element_type=\"section\">\n\t\t\t\t\t\t<div class=\"elementor-container elementor-column-gap-default\">\n\t\t\t\t\t\t\t<div class=\"elementor-row\">\n\t\t\t\t\t<div class=\"elementor-column elementor-col-100 elementor-top-column elementor-element elementor-element-fd10b50\" data-id=\"fd10b50\" data-element_type=\"column\">\n\t\t\t<div class=\"elementor-column-wrap elementor-element-populated\">\n\t\t\t\t\t\t\t<div class=\"elementor-widget-wrap\">\n\t\t\t\t\t\t<div class=\"elementor-element elementor-element-3447775 elementor-widget elementor-widget-heading\" data-id=\"3447775\" data-element_type=\"widget\" data-widget_type=\"heading.default\">\n\t\t\t\t<div class=\"elementor-widget-container\">\n\t\t\t<h2 class=\"elementor-heading-title elementor-size-default\">Registro Concluido<\/h2>\t\t<\/div>\n\t\t\t\t<\/div>\n\t\t\t\t<div class=\"elementor-element elementor-element-41bdd31 elementor-widget elementor-widget-heading\" data-id=\"41bdd31\" data-element_type=\"widget\" data-widget_type=\"heading.default\">\n\t\t\t\t<div class=\"elementor-widget-container\">\n\t\t\t<h3 class=\"elementor-heading-title elementor-size-default\">ZIDtech Agradece tu confianza, quedamo a tus ordenes en nuestro medios de contacto, conocidos<\/h3>\t\t<\/div>\n\t\t\t\t<\/div>\n\t\t\t\t\t\t<\/div>\n\t\t\t\t\t<\/div>\n\t\t<\/div>\n\t\t\t\t\t\t\t\t<\/div>\n\t\t\t\t\t<\/div>\n\t\t<\/section>\n\t\t\t\t\t\t<\/div>\n\t\t\t\t\t\t<\/div>\n\t\t\t\t\t<\/div>\n\t\t","protected":false},"excerpt":{"rendered":"<p>Registro Concluido ZIDtech Agradece tu confianza, quedamo a tus ordenes en nuestro medios de contacto, conocidos<\/p>\n","protected":false},"author":1,"featured_media":0,"parent":0,"menu_order":0,"comment_status":"closed","ping_status":"closed","template":"","meta":{"site-sidebar-layout":"no-sidebar","site-content-layout":"page-builder","ast-site-content-layout":"default","site-content-style":"default","site-sidebar-style":"default","ast-global-header-display":"","ast-banner-title-visibility":"","ast-main-header-display":"","ast-hfb-above-header-display":"","ast-hfb-below-header-display":"","ast-hfb-mobile-header-display":"","site-post-title":"disabled","ast-breadcrumbs-content":"","ast-featured-img":"disabled","footer-sml-layout":"","ast-disable-related-posts":"","theme-transparent-header-meta":"default","adv-header-id-meta":"","stick-header-meta":"","header-above-stick-meta":"","header-main-stick-meta":"","header-below-stick-meta":"","astra-migrate-meta-layouts":"default","ast-page-background-enabled":"default","ast-page-background-meta":{"desktop":{"background-color":"var(--ast-global-color-4)","background-image":"","background-repeat":"repeat","background-position":"center center","background-size":"auto","background-attachment":"scroll","background-type":"","background-media":"","overlay-type":"","overlay-color":"","overlay-opacity":"","overlay-gradient":""},"tablet":{"background-color":"","background-image":"","background-repeat":"repeat","background-position":"center center","background-size":"auto","background-attachment":"scroll","background-type":"","background-media":"","overlay-type":"","overlay-color":"","overlay-opacity":"","overlay-gradient":""},"mobile":{"background-color":"","background-image":"","background-repeat":"repeat","background-position":"center center","background-size":"auto","background-attachment":"scroll","background-type":"","background-media":"","overlay-type":"","overlay-color":"","overlay-opacity":"","overlay-gradient":""}},"ast-content-background-meta":{"desktop":{"background-color":"var(--ast-global-color-5)","background-image":"","background-repeat":"repeat","background-position":"center center","background-size":"auto","background-attachment":"scroll","background-type":"","background-media":"","overlay-type":"","overlay-color":"","overlay-opacity":"","overlay-gradient":""},"tablet":{"background-color":"var(--ast-global-color-5)","background-image":"","background-repeat":"repeat","background-position":"center center","background-size":"auto","background-attachment":"scroll","background-type":"","background-media":"","overlay-type":"","overlay-color":"","overlay-opacity":"","overlay-gradient":""},"mobile":{"background-color":"var(--ast-global-color-5)","background-image":"","background-repeat":"repeat","background-position":"center center","background-size":"auto","background-attachment":"scroll","background-type":"","background-media":"","overlay-type":"","overlay-color":"","overlay-opacity":"","overlay-gradient":""}},"footnotes":""},"class_list":["post-3562","page","type-page","status-publish","hentry"],"yoast_head":"<!-- This site is optimized with the Yoast SEO Premium plugin v16.1 (Yoast SEO v27.5) - https:\/\/yoast.com\/product\/yoast-seo-premium-wordpress\/ -->\n<title>Registro - Zidtech - Zona Integral Digital de Tecnolog\u00eda<\/title>\n<meta name=\"robots\" content=\"index, follow, max-snippet:-1, max-image-preview:large, max-video-preview:-1\" \/>\n<link rel=\"canonical\" href=\"https:\/\/zidtech.net\/ztch\/altacurso-2\/\" \/>\n<meta property=\"og:locale\" content=\"es_MX\" \/>\n<meta property=\"og:type\" content=\"article\" \/>\n<meta property=\"og:title\" content=\"Registro - Zidtech - Zona Integral Digital de Tecnolog\u00eda\" \/>\n<meta property=\"og:description\" content=\"Registro Concluido ZIDtech Agradece tu confianza, quedamo a tus ordenes en nuestro medios de contacto, conocidos\" \/>\n<meta property=\"og:url\" content=\"https:\/\/zidtech.net\/ztch\/altacurso-2\/\" \/>\n<meta property=\"og:site_name\" content=\"Zidtech - Zona Integral Digital de Tecnolog\u00eda\" \/>\n<meta property=\"article:publisher\" content=\"https:\/\/www.facebook.com\/Zidtech.net\/\" \/>\n<meta property=\"article:modified_time\" content=\"2022-11-10T23:47:49+00:00\" \/>\n<meta name=\"twitter:card\" content=\"summary_large_image\" \/>\n<meta name=\"twitter:label1\" content=\"Tiempo de lectura\" \/>\n\t<meta name=\"twitter:data1\" content=\"1 minuto\" \/>\n<script type=\"application\/ld+json\" class=\"yoast-schema-graph\">{\"@context\":\"https:\\\/\\\/schema.org\",\"@graph\":[{\"@type\":\"WebPage\",\"@id\":\"https:\\\/\\\/zidtech.net\\\/ztch\\\/altacurso-2\\\/\",\"url\":\"https:\\\/\\\/zidtech.net\\\/ztch\\\/altacurso-2\\\/\",\"name\":\"Registro - Zidtech - Zona Integral Digital de Tecnolog\u00eda\",\"isPartOf\":{\"@id\":\"https:\\\/\\\/zidtech.net\\\/ztch\\\/#website\"},\"datePublished\":\"2022-11-10T23:37:36+00:00\",\"dateModified\":\"2022-11-10T23:47:49+00:00\",\"breadcrumb\":{\"@id\":\"https:\\\/\\\/zidtech.net\\\/ztch\\\/altacurso-2\\\/#breadcrumb\"},\"inLanguage\":\"es\",\"potentialAction\":[{\"@type\":\"ReadAction\",\"target\":[\"https:\\\/\\\/zidtech.net\\\/ztch\\\/altacurso-2\\\/\"]}]},{\"@type\":\"BreadcrumbList\",\"@id\":\"https:\\\/\\\/zidtech.net\\\/ztch\\\/altacurso-2\\\/#breadcrumb\",\"itemListElement\":[{\"@type\":\"ListItem\",\"position\":1,\"name\":\"Inicio\",\"item\":\"https:\\\/\\\/zidtech.net\\\/ztch\\\/\"},{\"@type\":\"ListItem\",\"position\":2,\"name\":\"Registro\"}]},{\"@type\":\"WebSite\",\"@id\":\"https:\\\/\\\/zidtech.net\\\/ztch\\\/#website\",\"url\":\"https:\\\/\\\/zidtech.net\\\/ztch\\\/\",\"name\":\"Zidtech - Zona Integral Digital de Tecnolog\u00eda\",\"description\":\"Zidtech - Soluciones en Tecnolog\u00eda y Capacitaci\u00f3n\",\"publisher\":{\"@id\":\"https:\\\/\\\/zidtech.net\\\/ztch\\\/#organization\"},\"potentialAction\":[{\"@type\":\"SearchAction\",\"target\":{\"@type\":\"EntryPoint\",\"urlTemplate\":\"https:\\\/\\\/zidtech.net\\\/ztch\\\/?s={search_term_string}\"},\"query-input\":{\"@type\":\"PropertyValueSpecification\",\"valueRequired\":true,\"valueName\":\"search_term_string\"}}],\"inLanguage\":\"es\"},{\"@type\":\"Organization\",\"@id\":\"https:\\\/\\\/zidtech.net\\\/ztch\\\/#organization\",\"name\":\"Zidtech\",\"url\":\"https:\\\/\\\/zidtech.net\\\/ztch\\\/\",\"logo\":{\"@type\":\"ImageObject\",\"inLanguage\":\"es\",\"@id\":\"https:\\\/\\\/zidtech.net\\\/ztch\\\/#\\\/schema\\\/logo\\\/image\\\/\",\"url\":\"https:\\\/\\\/zidtech.net\\\/ztch\\\/wp-content\\\/uploads\\\/2020\\\/12\\\/LogoOficialZidtechClaro.png\",\"contentUrl\":\"https:\\\/\\\/zidtech.net\\\/ztch\\\/wp-content\\\/uploads\\\/2020\\\/12\\\/LogoOficialZidtechClaro.png\",\"width\":3055,\"height\":1750,\"caption\":\"Zidtech\"},\"image\":{\"@id\":\"https:\\\/\\\/zidtech.net\\\/ztch\\\/#\\\/schema\\\/logo\\\/image\\\/\"},\"sameAs\":[\"https:\\\/\\\/www.facebook.com\\\/Zidtech.net\\\/\",\"https:\\\/\\\/youtube.com\\\/channel\\\/UCu2EDRRvePAGvA-05OG1Yxg\"]}]}<\/script>\n<!-- \/ Yoast SEO Premium plugin. -->","yoast_head_json":{"title":"Registro - Zidtech - Zona Integral Digital de Tecnolog\u00eda","robots":{"index":"index","follow":"follow","max-snippet":"max-snippet:-1","max-image-preview":"max-image-preview:large","max-video-preview":"max-video-preview:-1"},"canonical":"https:\/\/zidtech.net\/ztch\/altacurso-2\/","og_locale":"es_MX","og_type":"article","og_title":"Registro - Zidtech - Zona Integral Digital de Tecnolog\u00eda","og_description":"Registro Concluido ZIDtech Agradece tu confianza, quedamo a tus ordenes en nuestro medios de contacto, conocidos","og_url":"https:\/\/zidtech.net\/ztch\/altacurso-2\/","og_site_name":"Zidtech - Zona Integral Digital de Tecnolog\u00eda","article_publisher":"https:\/\/www.facebook.com\/Zidtech.net\/","article_modified_time":"2022-11-10T23:47:49+00:00","twitter_card":"summary_large_image","twitter_misc":{"Tiempo de lectura":"1 minuto"},"schema":{"@context":"https:\/\/schema.org","@graph":[{"@type":"WebPage","@id":"https:\/\/zidtech.net\/ztch\/altacurso-2\/","url":"https:\/\/zidtech.net\/ztch\/altacurso-2\/","name":"Registro - Zidtech - Zona Integral Digital de Tecnolog\u00eda","isPartOf":{"@id":"https:\/\/zidtech.net\/ztch\/#website"},"datePublished":"2022-11-10T23:37:36+00:00","dateModified":"2022-11-10T23:47:49+00:00","breadcrumb":{"@id":"https:\/\/zidtech.net\/ztch\/altacurso-2\/#breadcrumb"},"inLanguage":"es","potentialAction":[{"@type":"ReadAction","target":["https:\/\/zidtech.net\/ztch\/altacurso-2\/"]}]},{"@type":"BreadcrumbList","@id":"https:\/\/zidtech.net\/ztch\/altacurso-2\/#breadcrumb","itemListElement":[{"@type":"ListItem","position":1,"name":"Inicio","item":"https:\/\/zidtech.net\/ztch\/"},{"@type":"ListItem","position":2,"name":"Registro"}]},{"@type":"WebSite","@id":"https:\/\/zidtech.net\/ztch\/#website","url":"https:\/\/zidtech.net\/ztch\/","name":"Zidtech - Zona Integral Digital de Tecnolog\u00eda","description":"Zidtech - Soluciones en Tecnolog\u00eda y Capacitaci\u00f3n","publisher":{"@id":"https:\/\/zidtech.net\/ztch\/#organization"},"potentialAction":[{"@type":"SearchAction","target":{"@type":"EntryPoint","urlTemplate":"https:\/\/zidtech.net\/ztch\/?s={search_term_string}"},"query-input":{"@type":"PropertyValueSpecification","valueRequired":true,"valueName":"search_term_string"}}],"inLanguage":"es"},{"@type":"Organization","@id":"https:\/\/zidtech.net\/ztch\/#organization","name":"Zidtech","url":"https:\/\/zidtech.net\/ztch\/","logo":{"@type":"ImageObject","inLanguage":"es","@id":"https:\/\/zidtech.net\/ztch\/#\/schema\/logo\/image\/","url":"https:\/\/zidtech.net\/ztch\/wp-content\/uploads\/2020\/12\/LogoOficialZidtechClaro.png","contentUrl":"https:\/\/zidtech.net\/ztch\/wp-content\/uploads\/2020\/12\/LogoOficialZidtechClaro.png","width":3055,"height":1750,"caption":"Zidtech"},"image":{"@id":"https:\/\/zidtech.net\/ztch\/#\/schema\/logo\/image\/"},"sameAs":["https:\/\/www.facebook.com\/Zidtech.net\/","https:\/\/youtube.com\/channel\/UCu2EDRRvePAGvA-05OG1Yxg"]}]}},"_links":{"self":[{"href":"https:\/\/zidtech.net\/ztch\/wp-json\/wp\/v2\/pages\/3562","targetHints":{"allow":["GET"]}}],"collection":[{"href":"https:\/\/zidtech.net\/ztch\/wp-json\/wp\/v2\/pages"}],"about":[{"href":"https:\/\/zidtech.net\/ztch\/wp-json\/wp\/v2\/types\/page"}],"author":[{"embeddable":true,"href":"https:\/\/zidtech.net\/ztch\/wp-json\/wp\/v2\/users\/1"}],"replies":[{"embeddable":true,"href":"https:\/\/zidtech.net\/ztch\/wp-json\/wp\/v2\/comments?post=3562"}],"version-history":[{"count":7,"href":"https:\/\/zidtech.net\/ztch\/wp-json\/wp\/v2\/pages\/3562\/revisions"}],"predecessor-version":[{"id":3570,"href":"https:\/\/zidtech.net\/ztch\/wp-json\/wp\/v2\/pages\/3562\/revisions\/3570"}],"wp:attachment":[{"href":"https:\/\/zidtech.net\/ztch\/wp-json\/wp\/v2\/media?parent=3562"}],"curies":[{"name":"wp","href":"https:\/\/api.w.org\/{rel}","templated":true}]}}