{"id":2078,"date":"2021-05-13T19:19:13","date_gmt":"2021-05-13T19:19:13","guid":{"rendered":"https:\/\/zidtech.net\/ztch\/?page_id=2078"},"modified":"2021-05-13T20:20:45","modified_gmt":"2021-05-13T20:20:45","slug":"blog","status":"publish","type":"page","link":"https:\/\/zidtech.net\/ztch\/blog\/","title":{"rendered":"Blog"},"content":{"rendered":"\t\t<div data-elementor-type=\"wp-page\" data-elementor-id=\"2078\" class=\"elementor elementor-2078\" data-elementor-settings=\"[]\">\n\t\t\t\t\t\t<div class=\"elementor-inner\">\n\t\t\t\t\t\t\t<div class=\"elementor-section-wrap\">\n\t\t\t\t\t\t\t<section class=\"elementor-section elementor-top-section elementor-element elementor-element-961e100 elementor-section-boxed elementor-section-height-default elementor-section-height-default\" data-id=\"961e100\" data-element_type=\"section\">\n\t\t\t\t\t\t<div class=\"elementor-container elementor-column-gap-default\">\n\t\t\t\t\t\t\t<div class=\"elementor-row\">\n\t\t\t\t\t<div class=\"elementor-column elementor-col-100 elementor-top-column elementor-element elementor-element-902e168\" data-id=\"902e168\" data-element_type=\"column\">\n\t\t\t<div class=\"elementor-column-wrap elementor-element-populated\">\n\t\t\t\t\t\t\t<div class=\"elementor-widget-wrap\">\n\t\t\t\t\t\t<div class=\"elementor-element elementor-element-0a4f8d5 elementor-widget elementor-widget-heading\" data-id=\"0a4f8d5\" data-element_type=\"widget\" data-widget_type=\"heading.default\">\n\t\t\t\t<div class=\"elementor-widget-container\">\n\t\t\t<h1 class=\"elementor-heading-title elementor-size-default\">Zidtech - Zona Integral Digital de Tecnolog\u00eda<\/h1>\t\t<\/div>\n\t\t\t\t<\/div>\n\t\t\t\t<div class=\"elementor-element elementor-element-b4a7ed6 elementor-widget elementor-widget-blogmentor_blog_posts\" data-id=\"b4a7ed6\" data-element_type=\"widget\" data-widget_type=\"blogmentor_blog_posts.default\">\n\t\t\t\t<div class=\"elementor-widget-container\">\n\t\t\t\t\t\n\t\t\t\t\t<div class=\"upl-main\">\n\t\t<div class=\"upl-container\">\n\t\t\t\t\t\t\t<div class=\"upl-left-section bm_content_box\">\n\t\t\t\t\t\t\t\t<div class=\"bm-post-image clearfix bm-hover-effect bm-hover-effect-blur\">\n\t\t\t\t\t<div class=\"upl-image\" style=\"background-image: url('https:\/\/zidtech.net\/ztch\/wp-content\/uploads\/2021\/05\/blogging-blog-social-media-428955.jpg')\"><\/div>\n\t\t\t\t<\/div>\n\t\t\t\t<div class=\"upl-author\"><img decoding=\"async\" src=\"https:\/\/secure.gravatar.com\/avatar\/d6a6f84e82eb3bc9f7fcd6c8d40bee021610670e085feab02920b41d7a135410?s=96&d=mm&r=g\"><\/div>\n\t\t\t\t<div class=\"upl-title bm_title\"><a href=\"https:\/\/zidtech.net\/ztch\/bienvenida\/\" rel=\"bookmark\">Blog Zidtech<\/a><\/div>\t\t\t\t\t<div class=\"upl-excerpt bm_content\"> Reviews, Noticias, Innovaci\u00f3n, Tecnolog\u00eda y mucho m\u00e1s. Donde se re\u00fanen la innovaci\u00f3n y la tecnolog\u00eda para dar surgimiento al conocimiento, la raz\u00f3n y la l\u00f3gica para enriquecer al ser humano.&hellip; <\/div>\n\t\t\t\t\t\t\t\t\t<div class=\"upl-cat-date bm_meta\">\n\t\t\t\t\t\tjoel | mayo 13, 2021 \t\t\t\t\t<\/div>\n\t\t\t\t\t\t\t<\/div>\n\t\t\t\n\t\t\t\t\t\t<div class=\"upl-right-section\">\n\t\t\t\t<div class=\"upl-top bm_content_box\">\n\t\t\t\t\t<div class=\"bm-post-image clearfix bm-hover-effect bm-hover-effect-blur\">\n\t\t\t\t\t\t<div class=\"upl-image\" style=\"background-image: url('https:\/\/zidtech.net\/ztch\/wp-content\/uploads\/2022\/11\/Post-para-Facebook-publicidad-para-universidades-azul-y-naranja-1.jpg')\"><\/div>\n\t\t\t\t\t<\/div>\n\t\t\t\t\t<div class=\"upl-author\">\n\t\t\t\t\t\t<img decoding=\"async\" src=\"https:\/\/secure.gravatar.com\/avatar\/d6a6f84e82eb3bc9f7fcd6c8d40bee021610670e085feab02920b41d7a135410?s=96&d=mm&r=g\">\n\t\t\t\t\t<\/div>\n\t\t\t\t\t<div class=\"upl-title bm_title\"><a href=\"https:\/\/zidtech.net\/ztch\/30-nov-dia-de-la-seguridad-informatica\/\" rel=\"bookmark\">30 Nov Dia de la Seguridad Informatica<\/a><\/div>\t\t\t\t\t\t<div class=\"upl-excerpt bm_content\"> \u00bfQu\u00e9 es la Seguridad Inform\u00e1tica? Es una rama de la seguridad que&hellip; <\/div>\n\t\t\t\t\t\t\t\t\t\t\t<div class=\"upl-cat-date bm_meta\">\n\t\t\t\t\t\tjoel | diciembre 1, 2022 \t\t\t\t\t\t<\/div>\n\t\t\t\t\t\t\t\t\t<\/div>\n\t\t\t\t\t\t\t<div class=\"upl-bottom bm_content_box\">\n\t\t\t\t\t<div class=\"bm-post-image clearfix bm-hover-effect bm-hover-effect-blur\">\n\t\t\t\t\t\t<div class=\"upl-image\" style=\"background-image: url('https:\/\/zidtech.net\/ztch\/wp-content\/uploads\/2022\/06\/googlen1.png')\"><\/div>\n\t\t\t\t\t<\/div>\n\t\t\t\t\t<div class=\"upl-author\">\n\t\t\t\t\t\t<img decoding=\"async\" src=\"https:\/\/secure.gravatar.com\/avatar\/d6a6f84e82eb3bc9f7fcd6c8d40bee021610670e085feab02920b41d7a135410?s=96&d=mm&r=g\">\n\t\t\t\t\t<\/div>\n\t\t\t\t\t<div class=\"upl-title bm_title\"><a href=\"https:\/\/zidtech.net\/ztch\/eres-educador-esto-te-interesa\/\" rel=\"bookmark\">\u00bfEres Educador? - Esto te interesa<\/a><\/div>\t\t\t\t\t\t<div class=\"upl-excerpt bm_content\"> Brinda Certeza con uso de la Herramientas de Google para la Educacion&hellip; <\/div>\n\t\t\t\t\t\t\t\t\t\t\t<div class=\"upl-cat-date bm_meta\">\n\t\t\t\t\t\tjoel | junio 20, 2022 \t\t\t\t\t\t<\/div>\n\t\t\t\t\t\t\t\t\t<\/div>\n\t\t\t\t\t\t<\/div>\n\t\t<\/div>\n\t<\/div>\n\n\t<div class=\"upl-second-section\">\n\t\t\t\t\t<div class=\"upl-second bm_content_box\">\n\t\t\t\t<div class=\"bm-post-image clearfix bm-hover-effect bm-hover-effect-blur\">\n\t\t\t\t\t<div class=\"upl-image\" style=\"background-image: url('https:\/\/zidtech.net\/ztch\/wp-content\/uploads\/2021\/06\/paraetiquetablog.png')\"><\/div>\n\t\t\t\t<\/div>\n\t\t\t\t<div class=\"upl-author\">\n\t\t\t\t\t<img decoding=\"async\" src=\"https:\/\/secure.gravatar.com\/avatar\/d6a6f84e82eb3bc9f7fcd6c8d40bee021610670e085feab02920b41d7a135410?s=96&d=mm&r=g\">\n\t\t\t\t<\/div>\n\t\t\t\t<div class=\"upl-title bm_title\"><a href=\"https:\/\/zidtech.net\/ztch\/quieres-tener-presencia-digital\/\" rel=\"bookmark\">\u00bfQuieres tener presencia digital?<\/a><\/div>\t\t\t\t\t<div class=\"upl-excerpt bm_content\"> \u00bfSitio Web? o \u00bfLanding Page? Una decisi\u00f3n totalmente dif\u00edcil pero indispensablemente necesaria&hellip; <\/div>\n\t\t\t\t\t\t\t\t\t<div class=\"upl-cat-date bm_meta\">joel | junio 18, 2021 \t\t\t\t\t<\/div>\n\t\t\t\t\t\t\t<\/div>\n\t\t\t\t\t<div class=\"upl-second bm_content_box\">\n\t\t\t\t<div class=\"bm-post-image clearfix bm-hover-effect bm-hover-effect-blur\">\n\t\t\t\t\t<div class=\"upl-image\" style=\"background-image: url('https:\/\/zidtech.net\/ztch\/wp-content\/uploads\/2021\/06\/Captura.png')\"><\/div>\n\t\t\t\t<\/div>\n\t\t\t\t<div class=\"upl-author\">\n\t\t\t\t\t<img decoding=\"async\" src=\"https:\/\/secure.gravatar.com\/avatar\/d6a6f84e82eb3bc9f7fcd6c8d40bee021610670e085feab02920b41d7a135410?s=96&d=mm&r=g\">\n\t\t\t\t<\/div>\n\t\t\t\t<div class=\"upl-title bm_title\"><a href=\"https:\/\/zidtech.net\/ztch\/importancia-de-excel\/\" rel=\"bookmark\">Importancia de Excel<\/a><\/div>\t\t\t\t\t<div class=\"upl-excerpt bm_content\"> Impacto del uso de Excel. Microsoft Excel es el referente en software&hellip; <\/div>\n\t\t\t\t\t\t\t\t\t<div class=\"upl-cat-date bm_meta\">joel | junio 17, 2021 \t\t\t\t\t<\/div>\n\t\t\t\t\t\t\t<\/div>\n\t\t\t\t\t<div class=\"upl-second bm_content_box\">\n\t\t\t\t<div class=\"bm-post-image clearfix bm-hover-effect bm-hover-effect-blur\">\n\t\t\t\t\t<div class=\"upl-image\" style=\"background-image: url('https:\/\/zidtech.net\/ztch\/wp-content\/uploads\/2021\/05\/webdesign-design-web-3411373.jpg')\"><\/div>\n\t\t\t\t<\/div>\n\t\t\t\t<div class=\"upl-author\">\n\t\t\t\t\t<img decoding=\"async\" src=\"https:\/\/secure.gravatar.com\/avatar\/d6a6f84e82eb3bc9f7fcd6c8d40bee021610670e085feab02920b41d7a135410?s=96&d=mm&r=g\">\n\t\t\t\t<\/div>\n\t\t\t\t<div class=\"upl-title bm_title\"><a href=\"https:\/\/zidtech.net\/ztch\/sitio-web\/\" rel=\"bookmark\">Sitio Web<\/a><\/div>\t\t\t\t\t<div class=\"upl-excerpt bm_content\"> Tengo una empresa \u00bfNecesito un Sitio Web? Pregunta: Soy due\u00f1o de una&hellip; <\/div>\n\t\t\t\t\t\t\t\t\t<div class=\"upl-cat-date bm_meta\">joel | mayo 13, 2021 \t\t\t\t\t<\/div>\n\t\t\t\t\t\t\t<\/div>\n\t\t\t\t\t<div class=\"upl-second bm_content_box\">\n\t\t\t\t<div class=\"bm-post-image clearfix bm-hover-effect bm-hover-effect-blur\">\n\t\t\t\t\t<div class=\"upl-image\" style=\"background-image: url('https:\/\/zidtech.net\/ztch\/wp-content\/uploads\/2021\/05\/whatsapp-chat-message-3012138.jpg')\"><\/div>\n\t\t\t\t<\/div>\n\t\t\t\t<div class=\"upl-author\">\n\t\t\t\t\t<img decoding=\"async\" src=\"https:\/\/secure.gravatar.com\/avatar\/d6a6f84e82eb3bc9f7fcd6c8d40bee021610670e085feab02920b41d7a135410?s=96&d=mm&r=g\">\n\t\t\t\t<\/div>\n\t\t\t\t<div class=\"upl-title bm_title\"><a href=\"https:\/\/zidtech.net\/ztch\/que-va-a-pasar-con-mi-whatsapp\/\" rel=\"bookmark\">\u00bfQue va a pasar con mi WhatsApp?<\/a><\/div>\t\t\t\t\t<div class=\"upl-excerpt bm_content\"> El 15 de mayo es d\u00eda de muchos colores, el festejo en&hellip; <\/div>\n\t\t\t\t\t\t\t\t\t<div class=\"upl-cat-date bm_meta\">joel | mayo 13, 2021 \t\t\t\t\t<\/div>\n\t\t\t\t\t\t\t<\/div>\n\t\t\t<\/div>\n\t\t\t<div class=\"bm-pagination pagination_style_2\">\n\t\t\t\t<span aria-current=\"page\" class=\"page-numbers current\">1<\/span>\n<a class=\"page-numbers\" href=\"https:\/\/zidtech.net\/ztch\/wp-json\/wp\/v2\/pages\/2078\/page\/2\/\">2<\/a>\n<a class=\"next page-numbers\" href=\"https:\/\/zidtech.net\/ztch\/wp-json\/wp\/v2\/pages\/2078\/page\/2\/\">  <i><\/i><\/a>\t\t\t<\/div>\n\t\t\t\t<\/div>\n\t\t\t\t<\/div>\n\t\t\t\t\t\t<\/div>\n\t\t\t\t\t<\/div>\n\t\t<\/div>\n\t\t\t\t\t\t\t\t<\/div>\n\t\t\t\t\t<\/div>\n\t\t<\/section>\n\t\t\t\t\t\t<\/div>\n\t\t\t\t\t\t<\/div>\n\t\t\t\t\t<\/div>\n\t\t","protected":false},"excerpt":{"rendered":"<p>Zidtech &#8211; Zona Integral Digital de Tecnolog\u00eda Sitio Web Tengo una empresa \u00bfNecesito un Sitio Web? Pregunta: Soy due\u00f1o de una empresa, y durante esta pandemia, ha sido complicado en muchos aspectos, las ventas disminuyeron, he perdido clientes de&hellip; joel | mayo 13, 2021 \u00bfQue va a pasar con mi WhatsApp? El 15 de mayo [&hellip;]<\/p>\n","protected":false},"author":1,"featured_media":0,"parent":0,"menu_order":0,"comment_status":"closed","ping_status":"closed","template":"","meta":{"site-sidebar-layout":"no-sidebar","site-content-layout":"page-builder","ast-site-content-layout":"default","site-content-style":"default","site-sidebar-style":"default","ast-global-header-display":"","ast-banner-title-visibility":"","ast-main-header-display":"","ast-hfb-above-header-display":"","ast-hfb-below-header-display":"","ast-hfb-mobile-header-display":"","site-post-title":"disabled","ast-breadcrumbs-content":"","ast-featured-img":"disabled","footer-sml-layout":"","ast-disable-related-posts":"","theme-transparent-header-meta":"default","adv-header-id-meta":"","stick-header-meta":"","header-above-stick-meta":"","header-main-stick-meta":"","header-below-stick-meta":"","astra-migrate-meta-layouts":"default","ast-page-background-enabled":"default","ast-page-background-meta":{"desktop":{"background-color":"var(--ast-global-color-4)","background-image":"","background-repeat":"repeat","background-position":"center center","background-size":"auto","background-attachment":"scroll","background-type":"","background-media":"","overlay-type":"","overlay-color":"","overlay-opacity":"","overlay-gradient":""},"tablet":{"background-color":"","background-image":"","background-repeat":"repeat","background-position":"center center","background-size":"auto","background-attachment":"scroll","background-type":"","background-media":"","overlay-type":"","overlay-color":"","overlay-opacity":"","overlay-gradient":""},"mobile":{"background-color":"","background-image":"","background-repeat":"repeat","background-position":"center center","background-size":"auto","background-attachment":"scroll","background-type":"","background-media":"","overlay-type":"","overlay-color":"","overlay-opacity":"","overlay-gradient":""}},"ast-content-background-meta":{"desktop":{"background-color":"var(--ast-global-color-5)","background-image":"","background-repeat":"repeat","background-position":"center center","background-size":"auto","background-attachment":"scroll","background-type":"","background-media":"","overlay-type":"","overlay-color":"","overlay-opacity":"","overlay-gradient":""},"tablet":{"background-color":"var(--ast-global-color-5)","background-image":"","background-repeat":"repeat","background-position":"center center","background-size":"auto","background-attachment":"scroll","background-type":"","background-media":"","overlay-type":"","overlay-color":"","overlay-opacity":"","overlay-gradient":""},"mobile":{"background-color":"var(--ast-global-color-5)","background-image":"","background-repeat":"repeat","background-position":"center center","background-size":"auto","background-attachment":"scroll","background-type":"","background-media":"","overlay-type":"","overlay-color":"","overlay-opacity":"","overlay-gradient":""}},"footnotes":""},"class_list":["post-2078","page","type-page","status-publish","hentry"],"yoast_head":"<!-- This site is optimized with the Yoast SEO Premium plugin v16.1 (Yoast SEO v27.4) - https:\/\/yoast.com\/product\/yoast-seo-premium-wordpress\/ -->\n<title>Blog - Zidtech - Zona Integral Digital de Tecnolog\u00eda<\/title>\n<meta name=\"robots\" content=\"index, follow, max-snippet:-1, max-image-preview:large, max-video-preview:-1\" \/>\n<link rel=\"canonical\" href=\"https:\/\/zidtech.net\/ztch\/blog\/\" \/>\n<meta property=\"og:locale\" content=\"es_MX\" \/>\n<meta property=\"og:type\" content=\"article\" \/>\n<meta property=\"og:title\" content=\"Blog - Zidtech - Zona Integral Digital de Tecnolog\u00eda\" \/>\n<meta property=\"og:description\" content=\"Zidtech &#8211; Zona Integral Digital de Tecnolog\u00eda Sitio Web Tengo una empresa \u00bfNecesito un Sitio Web? Pregunta: Soy due\u00f1o de una empresa, y durante esta pandemia, ha sido complicado en muchos aspectos, las ventas disminuyeron, he perdido clientes de&hellip; joel | mayo 13, 2021 \u00bfQue va a pasar con mi WhatsApp? El 15 de mayo [&hellip;]\" \/>\n<meta property=\"og:url\" content=\"https:\/\/zidtech.net\/ztch\/blog\/\" \/>\n<meta property=\"og:site_name\" content=\"Zidtech - Zona Integral Digital de Tecnolog\u00eda\" \/>\n<meta property=\"article:publisher\" content=\"https:\/\/www.facebook.com\/Zidtech.net\/\" \/>\n<meta property=\"article:modified_time\" content=\"2021-05-13T20:20:45+00:00\" \/>\n<meta property=\"og:image\" content=\"https:\/\/secure.gravatar.com\/avatar\/780cbfbeb1950a57b965b86263e04626?s=96&d=mm&r=g\" \/>\n<meta name=\"twitter:card\" content=\"summary_large_image\" \/>\n<meta name=\"twitter:label1\" content=\"Tiempo de lectura\" \/>\n\t<meta name=\"twitter:data1\" content=\"1 minuto\" \/>\n<script type=\"application\/ld+json\" class=\"yoast-schema-graph\">{\"@context\":\"https:\\\/\\\/schema.org\",\"@graph\":[{\"@type\":\"WebPage\",\"@id\":\"https:\\\/\\\/zidtech.net\\\/ztch\\\/blog\\\/\",\"url\":\"https:\\\/\\\/zidtech.net\\\/ztch\\\/blog\\\/\",\"name\":\"Blog - Zidtech - Zona Integral Digital de Tecnolog\u00eda\",\"isPartOf\":{\"@id\":\"https:\\\/\\\/zidtech.net\\\/ztch\\\/#website\"},\"primaryImageOfPage\":{\"@id\":\"https:\\\/\\\/zidtech.net\\\/ztch\\\/blog\\\/#primaryimage\"},\"image\":{\"@id\":\"https:\\\/\\\/zidtech.net\\\/ztch\\\/blog\\\/#primaryimage\"},\"thumbnailUrl\":\"https:\\\/\\\/secure.gravatar.com\\\/avatar\\\/780cbfbeb1950a57b965b86263e04626?s=96&d=mm&r=g\",\"datePublished\":\"2021-05-13T19:19:13+00:00\",\"dateModified\":\"2021-05-13T20:20:45+00:00\",\"breadcrumb\":{\"@id\":\"https:\\\/\\\/zidtech.net\\\/ztch\\\/blog\\\/#breadcrumb\"},\"inLanguage\":\"es\",\"potentialAction\":[{\"@type\":\"ReadAction\",\"target\":[\"https:\\\/\\\/zidtech.net\\\/ztch\\\/blog\\\/\"]}]},{\"@type\":\"ImageObject\",\"inLanguage\":\"es\",\"@id\":\"https:\\\/\\\/zidtech.net\\\/ztch\\\/blog\\\/#primaryimage\",\"url\":\"https:\\\/\\\/secure.gravatar.com\\\/avatar\\\/780cbfbeb1950a57b965b86263e04626?s=96&d=mm&r=g\",\"contentUrl\":\"https:\\\/\\\/secure.gravatar.com\\\/avatar\\\/780cbfbeb1950a57b965b86263e04626?s=96&d=mm&r=g\"},{\"@type\":\"BreadcrumbList\",\"@id\":\"https:\\\/\\\/zidtech.net\\\/ztch\\\/blog\\\/#breadcrumb\",\"itemListElement\":[{\"@type\":\"ListItem\",\"position\":1,\"name\":\"Inicio\",\"item\":\"https:\\\/\\\/zidtech.net\\\/ztch\\\/\"},{\"@type\":\"ListItem\",\"position\":2,\"name\":\"Blog\"}]},{\"@type\":\"WebSite\",\"@id\":\"https:\\\/\\\/zidtech.net\\\/ztch\\\/#website\",\"url\":\"https:\\\/\\\/zidtech.net\\\/ztch\\\/\",\"name\":\"Zidtech - Zona Integral Digital de Tecnolog\u00eda\",\"description\":\"Zidtech - Soluciones en Tecnolog\u00eda y Capacitaci\u00f3n\",\"publisher\":{\"@id\":\"https:\\\/\\\/zidtech.net\\\/ztch\\\/#organization\"},\"potentialAction\":[{\"@type\":\"SearchAction\",\"target\":{\"@type\":\"EntryPoint\",\"urlTemplate\":\"https:\\\/\\\/zidtech.net\\\/ztch\\\/?s={search_term_string}\"},\"query-input\":{\"@type\":\"PropertyValueSpecification\",\"valueRequired\":true,\"valueName\":\"search_term_string\"}}],\"inLanguage\":\"es\"},{\"@type\":\"Organization\",\"@id\":\"https:\\\/\\\/zidtech.net\\\/ztch\\\/#organization\",\"name\":\"Zidtech\",\"url\":\"https:\\\/\\\/zidtech.net\\\/ztch\\\/\",\"logo\":{\"@type\":\"ImageObject\",\"inLanguage\":\"es\",\"@id\":\"https:\\\/\\\/zidtech.net\\\/ztch\\\/#\\\/schema\\\/logo\\\/image\\\/\",\"url\":\"https:\\\/\\\/zidtech.net\\\/ztch\\\/wp-content\\\/uploads\\\/2020\\\/12\\\/LogoOficialZidtechClaro.png\",\"contentUrl\":\"https:\\\/\\\/zidtech.net\\\/ztch\\\/wp-content\\\/uploads\\\/2020\\\/12\\\/LogoOficialZidtechClaro.png\",\"width\":3055,\"height\":1750,\"caption\":\"Zidtech\"},\"image\":{\"@id\":\"https:\\\/\\\/zidtech.net\\\/ztch\\\/#\\\/schema\\\/logo\\\/image\\\/\"},\"sameAs\":[\"https:\\\/\\\/www.facebook.com\\\/Zidtech.net\\\/\",\"https:\\\/\\\/youtube.com\\\/channel\\\/UCu2EDRRvePAGvA-05OG1Yxg\"]}]}<\/script>\n<!-- \/ Yoast SEO Premium plugin. -->","yoast_head_json":{"title":"Blog - Zidtech - Zona Integral Digital de Tecnolog\u00eda","robots":{"index":"index","follow":"follow","max-snippet":"max-snippet:-1","max-image-preview":"max-image-preview:large","max-video-preview":"max-video-preview:-1"},"canonical":"https:\/\/zidtech.net\/ztch\/blog\/","og_locale":"es_MX","og_type":"article","og_title":"Blog - Zidtech - Zona Integral Digital de Tecnolog\u00eda","og_description":"Zidtech &#8211; Zona Integral Digital de Tecnolog\u00eda Sitio Web Tengo una empresa \u00bfNecesito un Sitio Web? Pregunta: Soy due\u00f1o de una empresa, y durante esta pandemia, ha sido complicado en muchos aspectos, las ventas disminuyeron, he perdido clientes de&hellip; joel | mayo 13, 2021 \u00bfQue va a pasar con mi WhatsApp? El 15 de mayo [&hellip;]","og_url":"https:\/\/zidtech.net\/ztch\/blog\/","og_site_name":"Zidtech - Zona Integral Digital de Tecnolog\u00eda","article_publisher":"https:\/\/www.facebook.com\/Zidtech.net\/","article_modified_time":"2021-05-13T20:20:45+00:00","og_image":[{"url":"https:\/\/secure.gravatar.com\/avatar\/780cbfbeb1950a57b965b86263e04626?s=96&d=mm&r=g","type":"","width":"","height":""}],"twitter_card":"summary_large_image","twitter_misc":{"Tiempo de lectura":"1 minuto"},"schema":{"@context":"https:\/\/schema.org","@graph":[{"@type":"WebPage","@id":"https:\/\/zidtech.net\/ztch\/blog\/","url":"https:\/\/zidtech.net\/ztch\/blog\/","name":"Blog - Zidtech - Zona Integral Digital de Tecnolog\u00eda","isPartOf":{"@id":"https:\/\/zidtech.net\/ztch\/#website"},"primaryImageOfPage":{"@id":"https:\/\/zidtech.net\/ztch\/blog\/#primaryimage"},"image":{"@id":"https:\/\/zidtech.net\/ztch\/blog\/#primaryimage"},"thumbnailUrl":"https:\/\/secure.gravatar.com\/avatar\/780cbfbeb1950a57b965b86263e04626?s=96&d=mm&r=g","datePublished":"2021-05-13T19:19:13+00:00","dateModified":"2021-05-13T20:20:45+00:00","breadcrumb":{"@id":"https:\/\/zidtech.net\/ztch\/blog\/#breadcrumb"},"inLanguage":"es","potentialAction":[{"@type":"ReadAction","target":["https:\/\/zidtech.net\/ztch\/blog\/"]}]},{"@type":"ImageObject","inLanguage":"es","@id":"https:\/\/zidtech.net\/ztch\/blog\/#primaryimage","url":"https:\/\/secure.gravatar.com\/avatar\/780cbfbeb1950a57b965b86263e04626?s=96&d=mm&r=g","contentUrl":"https:\/\/secure.gravatar.com\/avatar\/780cbfbeb1950a57b965b86263e04626?s=96&d=mm&r=g"},{"@type":"BreadcrumbList","@id":"https:\/\/zidtech.net\/ztch\/blog\/#breadcrumb","itemListElement":[{"@type":"ListItem","position":1,"name":"Inicio","item":"https:\/\/zidtech.net\/ztch\/"},{"@type":"ListItem","position":2,"name":"Blog"}]},{"@type":"WebSite","@id":"https:\/\/zidtech.net\/ztch\/#website","url":"https:\/\/zidtech.net\/ztch\/","name":"Zidtech - Zona Integral Digital de Tecnolog\u00eda","description":"Zidtech - Soluciones en Tecnolog\u00eda y Capacitaci\u00f3n","publisher":{"@id":"https:\/\/zidtech.net\/ztch\/#organization"},"potentialAction":[{"@type":"SearchAction","target":{"@type":"EntryPoint","urlTemplate":"https:\/\/zidtech.net\/ztch\/?s={search_term_string}"},"query-input":{"@type":"PropertyValueSpecification","valueRequired":true,"valueName":"search_term_string"}}],"inLanguage":"es"},{"@type":"Organization","@id":"https:\/\/zidtech.net\/ztch\/#organization","name":"Zidtech","url":"https:\/\/zidtech.net\/ztch\/","logo":{"@type":"ImageObject","inLanguage":"es","@id":"https:\/\/zidtech.net\/ztch\/#\/schema\/logo\/image\/","url":"https:\/\/zidtech.net\/ztch\/wp-content\/uploads\/2020\/12\/LogoOficialZidtechClaro.png","contentUrl":"https:\/\/zidtech.net\/ztch\/wp-content\/uploads\/2020\/12\/LogoOficialZidtechClaro.png","width":3055,"height":1750,"caption":"Zidtech"},"image":{"@id":"https:\/\/zidtech.net\/ztch\/#\/schema\/logo\/image\/"},"sameAs":["https:\/\/www.facebook.com\/Zidtech.net\/","https:\/\/youtube.com\/channel\/UCu2EDRRvePAGvA-05OG1Yxg"]}]}},"_links":{"self":[{"href":"https:\/\/zidtech.net\/ztch\/wp-json\/wp\/v2\/pages\/2078","targetHints":{"allow":["GET"]}}],"collection":[{"href":"https:\/\/zidtech.net\/ztch\/wp-json\/wp\/v2\/pages"}],"about":[{"href":"https:\/\/zidtech.net\/ztch\/wp-json\/wp\/v2\/types\/page"}],"author":[{"embeddable":true,"href":"https:\/\/zidtech.net\/ztch\/wp-json\/wp\/v2\/users\/1"}],"replies":[{"embeddable":true,"href":"https:\/\/zidtech.net\/ztch\/wp-json\/wp\/v2\/comments?post=2078"}],"version-history":[{"count":11,"href":"https:\/\/zidtech.net\/ztch\/wp-json\/wp\/v2\/pages\/2078\/revisions"}],"predecessor-version":[{"id":2107,"href":"https:\/\/zidtech.net\/ztch\/wp-json\/wp\/v2\/pages\/2078\/revisions\/2107"}],"wp:attachment":[{"href":"https:\/\/zidtech.net\/ztch\/wp-json\/wp\/v2\/media?parent=2078"}],"curies":[{"name":"wp","href":"https:\/\/api.w.org\/{rel}","templated":true}]}}