{"id":1441,"date":"2020-02-19T07:08:22","date_gmt":"2020-02-19T07:08:22","guid":{"rendered":"https:\/\/zidtech.net\/ztch\/contact\/"},"modified":"2024-12-14T19:33:55","modified_gmt":"2024-12-14T19:33:55","slug":"contact","status":"publish","type":"page","link":"https:\/\/zidtech.net\/ztch\/contact\/","title":{"rendered":"Contacto"},"content":{"rendered":"\t\t<div data-elementor-type=\"wp-post\" data-elementor-id=\"1441\" class=\"elementor elementor-1441\" data-elementor-settings=\"[]\">\n\t\t\t\t\t\t<div class=\"elementor-inner\">\n\t\t\t\t\t\t\t<div class=\"elementor-section-wrap\">\n\t\t\t\t\t\t\t<section class=\"elementor-section elementor-top-section elementor-element elementor-element-27e672c elementor-section-stretched elementor-section-height-min-height elementor-section-boxed elementor-section-height-default elementor-section-items-middle elementor-invisible\" data-id=\"27e672c\" data-element_type=\"section\" data-settings=\"{&quot;background_background&quot;:&quot;classic&quot;,&quot;stretch_section&quot;:&quot;section-stretched&quot;,&quot;animation&quot;:&quot;fadeIn&quot;}\">\n\t\t\t\t\t\t\t<div class=\"elementor-background-overlay\"><\/div>\n\t\t\t\t\t\t\t<div class=\"elementor-container elementor-column-gap-no\">\n\t\t\t\t\t\t\t<div class=\"elementor-row\">\n\t\t\t\t\t<div class=\"elementor-column elementor-col-100 elementor-top-column elementor-element elementor-element-102e8c96\" data-id=\"102e8c96\" data-element_type=\"column\">\n\t\t\t<div class=\"elementor-column-wrap elementor-element-populated\">\n\t\t\t\t\t\t\t<div class=\"elementor-widget-wrap\">\n\t\t\t\t\t\t<div class=\"elementor-element elementor-element-3ff970b0 elementor-widget elementor-widget-heading\" data-id=\"3ff970b0\" data-element_type=\"widget\" data-widget_type=\"heading.default\">\n\t\t\t\t<div class=\"elementor-widget-container\">\n\t\t\t<h1 class=\"elementor-heading-title elementor-size-default\">Contacto<\/h1>\t\t<\/div>\n\t\t\t\t<\/div>\n\t\t\t\t<div class=\"elementor-element elementor-element-222a918a elementor-widget elementor-widget-heading\" data-id=\"222a918a\" data-element_type=\"widget\" data-widget_type=\"heading.default\">\n\t\t\t\t<div class=\"elementor-widget-container\">\n\t\t\t<h4 class=\"elementor-heading-title elementor-size-default\">Permitenos servirte como te mereces<\/h4>\t\t<\/div>\n\t\t\t\t<\/div>\n\t\t\t\t<div class=\"elementor-element elementor-element-65c4d7be elementor-widget elementor-widget-text-editor\" data-id=\"65c4d7be\" data-element_type=\"widget\" data-widget_type=\"text-editor.default\">\n\t\t\t\t<div class=\"elementor-widget-container\">\n\t\t\t\t\t\t\t\t<div class=\"elementor-text-editor elementor-clearfix\">\n\t\t\t\t\t<p>Ponemos a tu alcance todas nuestras formas de contacto. Estamos convencidos de atenderte y poder cumplir todas las expectativas que tienes en mente para tu unidad de negocio.<\/p>\t\t\t\t\t<\/div>\n\t\t\t\t\t\t<\/div>\n\t\t\t\t<\/div>\n\t\t\t\t\t\t<\/div>\n\t\t\t\t\t<\/div>\n\t\t<\/div>\n\t\t\t\t\t\t\t\t<\/div>\n\t\t\t\t\t<\/div>\n\t\t<\/section>\n\t\t\t\t<section class=\"elementor-section elementor-top-section elementor-element elementor-element-7f3da5a4 elementor-section-boxed elementor-section-height-default elementor-section-height-default\" data-id=\"7f3da5a4\" data-element_type=\"section\" data-settings=\"{&quot;background_background&quot;:&quot;gradient&quot;}\">\n\t\t\t\t\t\t<div class=\"elementor-container elementor-column-gap-default\">\n\t\t\t\t\t\t\t<div class=\"elementor-row\">\n\t\t\t\t\t<div class=\"elementor-column elementor-col-66 elementor-top-column elementor-element elementor-element-15170593\" data-id=\"15170593\" data-element_type=\"column\">\n\t\t\t<div class=\"elementor-column-wrap elementor-element-populated\">\n\t\t\t\t\t\t\t<div class=\"elementor-widget-wrap\">\n\t\t\t\t\t\t<div class=\"elementor-element elementor-element-732b7a12 elementor-widget elementor-widget-heading\" data-id=\"732b7a12\" data-element_type=\"widget\" data-widget_type=\"heading.default\">\n\t\t\t\t<div class=\"elementor-widget-container\">\n\t\t\t<h3 class=\"elementor-heading-title elementor-size-default\">Solicite una consulta Gratuita<\/h3>\t\t<\/div>\n\t\t\t\t<\/div>\n\t\t\t\t<section class=\"elementor-section elementor-inner-section elementor-element elementor-element-4b2279d3 elementor-section-boxed elementor-section-height-default elementor-section-height-default\" data-id=\"4b2279d3\" data-element_type=\"section\">\n\t\t\t\t\t\t<div class=\"elementor-container elementor-column-gap-no\">\n\t\t\t\t\t\t\t<div class=\"elementor-row\">\n\t\t\t\t\t<div class=\"elementor-column elementor-col-50 elementor-inner-column elementor-element elementor-element-39782df\" data-id=\"39782df\" data-element_type=\"column\" data-settings=\"{&quot;background_background&quot;:&quot;classic&quot;}\">\n\t\t\t<div class=\"elementor-column-wrap elementor-element-populated\">\n\t\t\t\t\t\t\t<div class=\"elementor-widget-wrap\">\n\t\t\t\t\t\t<div class=\"elementor-element elementor-element-3bf02b85 elementor-widget elementor-widget-shortcode\" data-id=\"3bf02b85\" data-element_type=\"widget\" data-widget_type=\"shortcode.default\">\n\t\t\t\t<div class=\"elementor-widget-container\">\n\t\t\t\t\t<div class=\"elementor-shortcode\"><div class=\"wpforms-container \" id=\"wpforms-1432\"><form id=\"wpforms-form-1432\" class=\"wpforms-validate wpforms-form\" data-formid=\"1432\" method=\"post\" enctype=\"multipart\/form-data\" action=\"\/ztch\/wp-json\/wp\/v2\/pages\/1441\" data-token=\"0e3426c48bb7c280de7d7921f47d4d60\" data-token-time=\"1777430939\"><noscript class=\"wpforms-error-noscript\">Por favor, activa JavaScript en tu navegador para completar este formulario.<\/noscript><div class=\"wpforms-field-container\"><div id=\"wpforms-1432-field_0-container\" class=\"wpforms-field wpforms-field-name\" data-field-id=\"0\"><label class=\"wpforms-field-label wpforms-label-hide\" for=\"wpforms-1432-field_0\">Name <span class=\"wpforms-required-label\">*<\/span><\/label><input type=\"text\" id=\"wpforms-1432-field_0\" class=\"wpforms-field-large wpforms-field-required\" name=\"wpforms[fields][0]\" placeholder=\"Nombre completo*\" required><\/div><div id=\"wpforms-1432-field_1-container\" class=\"wpforms-field wpforms-field-email\" data-field-id=\"1\"><label class=\"wpforms-field-label wpforms-label-hide\" for=\"wpforms-1432-field_1\">Email <span class=\"wpforms-required-label\">*<\/span><\/label><input type=\"email\" id=\"wpforms-1432-field_1\" class=\"wpforms-field-large wpforms-field-required\" name=\"wpforms[fields][1]\" placeholder=\"Tu correo electr\u00f3nico*\" spellcheck=\"false\" required><\/div><div id=\"wpforms-1432-field_2-container\" class=\"wpforms-field wpforms-field-textarea\" data-field-id=\"2\"><label class=\"wpforms-field-label wpforms-label-hide\" for=\"wpforms-1432-field_2\">Message <span class=\"wpforms-required-label\">*<\/span><\/label><textarea id=\"wpforms-1432-field_2\" class=\"wpforms-field-medium wpforms-field-required\" name=\"wpforms[fields][2]\" placeholder=\"Escribe tu mensaje de manera detallada*\" required><\/textarea><\/div><\/div><!-- .wpforms-field-container --><div class=\"wpforms-field wpforms-field-hp\"><label for=\"wpforms-1432-field-hp\" class=\"wpforms-field-label\">Email<\/label><input type=\"text\" name=\"wpforms[hp]\" id=\"wpforms-1432-field-hp\" class=\"wpforms-field-medium\"><\/div><div class=\"wpforms-submit-container\" ><input type=\"hidden\" name=\"wpforms[id]\" value=\"1432\"><input type=\"hidden\" name=\"page_title\" value=\"\"><input type=\"hidden\" name=\"page_url\" value=\"https:\/\/zidtech.net\/ztch\/wp-json\/wp\/v2\/pages\/1441\"><input type=\"hidden\" name=\"url_referer\" value=\"\"><button type=\"submit\" name=\"wpforms[submit]\" id=\"wpforms-submit-1432\" class=\"wpforms-submit\" data-alt-text=\"Enviando...\" data-submit-text=\"Enviar\" aria-live=\"assertive\" value=\"wpforms-submit\">Enviar<\/button><\/div><\/form><\/div>  <!-- .wpforms-container -->\t<\/div>\n\t\t\t\t<\/div>\n\t\t\t\t<\/div>\n\t\t\t\t\t\t<\/div>\n\t\t\t\t\t<\/div>\n\t\t<\/div>\n\t\t\t\t<div class=\"elementor-column elementor-col-50 elementor-inner-column elementor-element elementor-element-3e3a0b91\" data-id=\"3e3a0b91\" data-element_type=\"column\">\n\t\t\t<div class=\"elementor-column-wrap elementor-element-populated\">\n\t\t\t\t\t\t\t<div class=\"elementor-widget-wrap\">\n\t\t\t\t\t\t<div class=\"elementor-element elementor-element-8bf7291 elementor-widget elementor-widget-google_maps\" data-id=\"8bf7291\" data-element_type=\"widget\" data-widget_type=\"google_maps.default\">\n\t\t\t\t<div class=\"elementor-widget-container\">\n\t\t\t<div class=\"elementor-custom-embed\"><iframe frameborder=\"0\" scrolling=\"no\" marginheight=\"0\" marginwidth=\"0\" src=\"https:\/\/maps.google.com\/maps?q=Ciudad%20de%20M%C3%A9xico&amp;t=m&amp;z=12&amp;output=embed&amp;iwloc=near\" title=\"Ciudad de M\u00e9xico\" aria-label=\"Ciudad de M\u00e9xico\"><\/iframe><\/div>\t\t<\/div>\n\t\t\t\t<\/div>\n\t\t\t\t\t\t<\/div>\n\t\t\t\t\t<\/div>\n\t\t<\/div>\n\t\t\t\t\t\t\t\t<\/div>\n\t\t\t\t\t<\/div>\n\t\t<\/section>\n\t\t\t\t\t\t<\/div>\n\t\t\t\t\t<\/div>\n\t\t<\/div>\n\t\t\t\t<div class=\"elementor-column elementor-col-33 elementor-top-column elementor-element elementor-element-27145ed0\" data-id=\"27145ed0\" data-element_type=\"column\">\n\t\t\t<div class=\"elementor-column-wrap elementor-element-populated\">\n\t\t\t\t\t\t\t<div class=\"elementor-widget-wrap\">\n\t\t\t\t\t\t<div class=\"elementor-element elementor-element-40fa7e07 elementor-widget elementor-widget-heading\" data-id=\"40fa7e07\" data-element_type=\"widget\" data-widget_type=\"heading.default\">\n\t\t\t\t<div class=\"elementor-widget-container\">\n\t\t\t<h3 class=\"elementor-heading-title elementor-size-default\">Ponte en Contacto<\/h3>\t\t<\/div>\n\t\t\t\t<\/div>\n\t\t\t\t<div class=\"elementor-element elementor-element-4711bd89 elementor-widget elementor-widget-heading\" data-id=\"4711bd89\" data-element_type=\"widget\" data-widget_type=\"heading.default\">\n\t\t\t\t<div class=\"elementor-widget-container\">\n\t\t\t<h6 class=\"elementor-heading-title elementor-size-default\">Comun\u00edquese con Nosotros<\/h6>\t\t<\/div>\n\t\t\t\t<\/div>\n\t\t\t\t<div class=\"elementor-element elementor-element-34bc5f4b elementor-align-center elementor-icon-list--layout-traditional elementor-list-item-link-full_width elementor-widget elementor-widget-icon-list\" data-id=\"34bc5f4b\" data-element_type=\"widget\" data-widget_type=\"icon-list.default\">\n\t\t\t\t<div class=\"elementor-widget-container\">\n\t\t\t\t\t<ul class=\"elementor-icon-list-items\">\n\t\t\t\t\t\t\t<li class=\"elementor-icon-list-item\">\n\t\t\t\t\t\t\t\t\t\t\t<span class=\"elementor-icon-list-icon\">\n\t\t\t\t\t\t\t<i aria-hidden=\"true\" class=\"fas fa-map-marker-alt\"><\/i>\t\t\t\t\t\t<\/span>\n\t\t\t\t\t\t\t\t\t\t<span class=\"elementor-icon-list-text\">Ciudad de M\u00e9xico<\/span>\n\t\t\t\t\t\t\t\t\t<\/li>\n\t\t\t\t\t\t\t\t<li class=\"elementor-icon-list-item\">\n\t\t\t\t\t\t\t\t\t\t\t<span class=\"elementor-icon-list-icon\">\n\t\t\t\t\t\t\t<i aria-hidden=\"true\" class=\"fas fa-envelope\"><\/i>\t\t\t\t\t\t<\/span>\n\t\t\t\t\t\t\t\t\t\t<span class=\"elementor-icon-list-text\">informes@zidtech.net<\/span>\n\t\t\t\t\t\t\t\t\t<\/li>\n\t\t\t\t\t\t\t\t<li class=\"elementor-icon-list-item\">\n\t\t\t\t\t\t\t\t\t\t\t<span class=\"elementor-icon-list-icon\">\n\t\t\t\t\t\t\t<i aria-hidden=\"true\" class=\"fab fa-whatsapp-square\"><\/i>\t\t\t\t\t\t<\/span>\n\t\t\t\t\t\t\t\t\t\t<span class=\"elementor-icon-list-text\">+52 55 8083 3248<\/span>\n\t\t\t\t\t\t\t\t\t<\/li>\n\t\t\t\t\t\t<\/ul>\n\t\t\t\t<\/div>\n\t\t\t\t<\/div>\n\t\t\t\t<div class=\"elementor-element elementor-element-100e60f2 elementor-widget elementor-widget-heading\" data-id=\"100e60f2\" data-element_type=\"widget\" data-widget_type=\"heading.default\">\n\t\t\t\t<div class=\"elementor-widget-container\">\n\t\t\t<h6 class=\"elementor-heading-title elementor-size-default\">Estamos<\/h6>\t\t<\/div>\n\t\t\t\t<\/div>\n\t\t\t\t<div class=\"elementor-element elementor-element-5951291b elementor-widget elementor-widget-heading\" data-id=\"5951291b\" data-element_type=\"widget\" data-widget_type=\"heading.default\">\n\t\t\t\t<div class=\"elementor-widget-container\">\n\t\t\t<h3 class=\"elementor-heading-title elementor-size-default\"><a href=\"#\">A tus ordenes<\/a><\/h3>\t\t<\/div>\n\t\t\t\t<\/div>\n\t\t\t\t<div class=\"elementor-element elementor-element-828165f elementor-widget elementor-widget-html\" data-id=\"828165f\" data-element_type=\"widget\" data-widget_type=\"html.default\">\n\t\t\t\t<div class=\"elementor-widget-container\">\n\t\t\t<!-- Google Calendar Appointment Scheduling begin -->\r\n<link href=\"https:\/\/calendar.google.com\/calendar\/scheduling-button-script.css\" rel=\"stylesheet\">\r\n<script src=\"https:\/\/calendar.google.com\/calendar\/scheduling-button-script.js\" async><\/script>\r\n<script>\r\n(function() {\r\n  var target = document.currentScript;\r\n  window.addEventListener('load', function() {\r\n    calendar.schedulingButton.load({\r\n      url: 'https:\/\/calendar.google.com\/calendar\/appointments\/schedules\/AcZssZ3GWUpfW0kRytDgEpQqhDl7KKewsZKDAtJ2sRB9QLCX3Gbg40RJ6dK9cf4Pe8HrCWNWYAavQ-BK?gv=true',\r\n      color: '#039BE5',\r\n      label: 'Programar una cita',\r\n      target,\r\n    });\r\n  });\r\n})();\r\n<\/script>\r\n<!-- end Google Calendar Appointment Scheduling -->\t\t<\/div>\n\t\t\t\t<\/div>\n\t\t\t\t\t\t<\/div>\n\t\t\t\t\t<\/div>\n\t\t<\/div>\n\t\t\t\t\t\t\t\t<\/div>\n\t\t\t\t\t<\/div>\n\t\t<\/section>\n\t\t\t\t\t\t<\/div>\n\t\t\t\t\t\t<\/div>\n\t\t\t\t\t<\/div>\n\t\t","protected":false},"excerpt":{"rendered":"<p>Contacto Permitenos servirte como te mereces Ponemos a tu alcance todas nuestras formas de contacto. Estamos convencidos de atenderte y poder cumplir todas las expectativas que tienes en mente para tu unidad de negocio. Solicite una consulta Gratuita Ponte en Contacto Comun\u00edquese con Nosotros Ciudad de M\u00e9xico informes@zidtech.net +52 55 8083 3248 Estamos A tus [&hellip;]<\/p>\n","protected":false},"author":1,"featured_media":0,"parent":0,"menu_order":0,"comment_status":"closed","ping_status":"closed","template":"","meta":{"site-sidebar-layout":"no-sidebar","site-content-layout":"page-builder","ast-site-content-layout":"default","site-content-style":"default","site-sidebar-style":"default","ast-global-header-display":"","ast-banner-title-visibility":"","ast-main-header-display":"","ast-hfb-above-header-display":"","ast-hfb-below-header-display":"","ast-hfb-mobile-header-display":"","site-post-title":"disabled","ast-breadcrumbs-content":"","ast-featured-img":"disabled","footer-sml-layout":"","ast-disable-related-posts":"","theme-transparent-header-meta":"enabled","adv-header-id-meta":"","stick-header-meta":"","header-above-stick-meta":"","header-main-stick-meta":"","header-below-stick-meta":"","astra-migrate-meta-layouts":"default","ast-page-background-enabled":"default","ast-page-background-meta":{"desktop":{"background-color":"var(--ast-global-color-4)","background-image":"","background-repeat":"repeat","background-position":"center center","background-size":"auto","background-attachment":"scroll","background-type":"","background-media":"","overlay-type":"","overlay-color":"","overlay-opacity":"","overlay-gradient":""},"tablet":{"background-color":"","background-image":"","background-repeat":"repeat","background-position":"center center","background-size":"auto","background-attachment":"scroll","background-type":"","background-media":"","overlay-type":"","overlay-color":"","overlay-opacity":"","overlay-gradient":""},"mobile":{"background-color":"","background-image":"","background-repeat":"repeat","background-position":"center center","background-size":"auto","background-attachment":"scroll","background-type":"","background-media":"","overlay-type":"","overlay-color":"","overlay-opacity":"","overlay-gradient":""}},"ast-content-background-meta":{"desktop":{"background-color":"var(--ast-global-color-5)","background-image":"","background-repeat":"repeat","background-position":"center center","background-size":"auto","background-attachment":"scroll","background-type":"","background-media":"","overlay-type":"","overlay-color":"","overlay-opacity":"","overlay-gradient":""},"tablet":{"background-color":"var(--ast-global-color-5)","background-image":"","background-repeat":"repeat","background-position":"center center","background-size":"auto","background-attachment":"scroll","background-type":"","background-media":"","overlay-type":"","overlay-color":"","overlay-opacity":"","overlay-gradient":""},"mobile":{"background-color":"var(--ast-global-color-5)","background-image":"","background-repeat":"repeat","background-position":"center center","background-size":"auto","background-attachment":"scroll","background-type":"","background-media":"","overlay-type":"","overlay-color":"","overlay-opacity":"","overlay-gradient":""}},"footnotes":""},"class_list":["post-1441","page","type-page","status-publish","hentry"],"yoast_head":"<!-- This site is optimized with the Yoast SEO Premium plugin v16.1 (Yoast SEO v27.5) - https:\/\/yoast.com\/product\/yoast-seo-premium-wordpress\/ -->\n<title>Contacto - Zidtech - Zona Integral Digital de Tecnolog\u00eda<\/title>\n<meta name=\"robots\" content=\"index, follow, max-snippet:-1, max-image-preview:large, max-video-preview:-1\" \/>\n<link rel=\"canonical\" href=\"https:\/\/zidtech.net\/ztch\/contact\/\" \/>\n<meta property=\"og:locale\" content=\"es_MX\" \/>\n<meta property=\"og:type\" content=\"article\" \/>\n<meta property=\"og:title\" content=\"Contacto - Zidtech - Zona Integral Digital de Tecnolog\u00eda\" \/>\n<meta property=\"og:description\" content=\"Contacto Permitenos servirte como te mereces Ponemos a tu alcance todas nuestras formas de contacto. Estamos convencidos de atenderte y poder cumplir todas las expectativas que tienes en mente para tu unidad de negocio. Solicite una consulta Gratuita Ponte en Contacto Comun\u00edquese con Nosotros Ciudad de M\u00e9xico informes@zidtech.net +52 55 8083 3248 Estamos A tus [&hellip;]\" \/>\n<meta property=\"og:url\" content=\"https:\/\/zidtech.net\/ztch\/contact\/\" \/>\n<meta property=\"og:site_name\" content=\"Zidtech - Zona Integral Digital de Tecnolog\u00eda\" \/>\n<meta property=\"article:publisher\" content=\"https:\/\/www.facebook.com\/Zidtech.net\/\" \/>\n<meta property=\"article:modified_time\" content=\"2024-12-14T19:33:55+00:00\" \/>\n<meta name=\"twitter:card\" content=\"summary_large_image\" \/>\n<meta name=\"twitter:label1\" content=\"Tiempo de lectura\" \/>\n\t<meta name=\"twitter:data1\" content=\"1 minuto\" \/>\n<script type=\"application\/ld+json\" class=\"yoast-schema-graph\">{\"@context\":\"https:\\\/\\\/schema.org\",\"@graph\":[{\"@type\":\"WebPage\",\"@id\":\"https:\\\/\\\/zidtech.net\\\/ztch\\\/contact\\\/\",\"url\":\"https:\\\/\\\/zidtech.net\\\/ztch\\\/contact\\\/\",\"name\":\"Contacto - Zidtech - Zona Integral Digital de Tecnolog\u00eda\",\"isPartOf\":{\"@id\":\"https:\\\/\\\/zidtech.net\\\/ztch\\\/#website\"},\"datePublished\":\"2020-02-19T07:08:22+00:00\",\"dateModified\":\"2024-12-14T19:33:55+00:00\",\"breadcrumb\":{\"@id\":\"https:\\\/\\\/zidtech.net\\\/ztch\\\/contact\\\/#breadcrumb\"},\"inLanguage\":\"es\",\"potentialAction\":[{\"@type\":\"ReadAction\",\"target\":[\"https:\\\/\\\/zidtech.net\\\/ztch\\\/contact\\\/\"]}]},{\"@type\":\"BreadcrumbList\",\"@id\":\"https:\\\/\\\/zidtech.net\\\/ztch\\\/contact\\\/#breadcrumb\",\"itemListElement\":[{\"@type\":\"ListItem\",\"position\":1,\"name\":\"Inicio\",\"item\":\"https:\\\/\\\/zidtech.net\\\/ztch\\\/\"},{\"@type\":\"ListItem\",\"position\":2,\"name\":\"Contacto\"}]},{\"@type\":\"WebSite\",\"@id\":\"https:\\\/\\\/zidtech.net\\\/ztch\\\/#website\",\"url\":\"https:\\\/\\\/zidtech.net\\\/ztch\\\/\",\"name\":\"Zidtech - Zona Integral Digital de Tecnolog\u00eda\",\"description\":\"Zidtech - Soluciones en Tecnolog\u00eda y Capacitaci\u00f3n\",\"publisher\":{\"@id\":\"https:\\\/\\\/zidtech.net\\\/ztch\\\/#organization\"},\"potentialAction\":[{\"@type\":\"SearchAction\",\"target\":{\"@type\":\"EntryPoint\",\"urlTemplate\":\"https:\\\/\\\/zidtech.net\\\/ztch\\\/?s={search_term_string}\"},\"query-input\":{\"@type\":\"PropertyValueSpecification\",\"valueRequired\":true,\"valueName\":\"search_term_string\"}}],\"inLanguage\":\"es\"},{\"@type\":\"Organization\",\"@id\":\"https:\\\/\\\/zidtech.net\\\/ztch\\\/#organization\",\"name\":\"Zidtech\",\"url\":\"https:\\\/\\\/zidtech.net\\\/ztch\\\/\",\"logo\":{\"@type\":\"ImageObject\",\"inLanguage\":\"es\",\"@id\":\"https:\\\/\\\/zidtech.net\\\/ztch\\\/#\\\/schema\\\/logo\\\/image\\\/\",\"url\":\"https:\\\/\\\/zidtech.net\\\/ztch\\\/wp-content\\\/uploads\\\/2020\\\/12\\\/LogoOficialZidtechClaro.png\",\"contentUrl\":\"https:\\\/\\\/zidtech.net\\\/ztch\\\/wp-content\\\/uploads\\\/2020\\\/12\\\/LogoOficialZidtechClaro.png\",\"width\":3055,\"height\":1750,\"caption\":\"Zidtech\"},\"image\":{\"@id\":\"https:\\\/\\\/zidtech.net\\\/ztch\\\/#\\\/schema\\\/logo\\\/image\\\/\"},\"sameAs\":[\"https:\\\/\\\/www.facebook.com\\\/Zidtech.net\\\/\",\"https:\\\/\\\/youtube.com\\\/channel\\\/UCu2EDRRvePAGvA-05OG1Yxg\"]}]}<\/script>\n<!-- \/ Yoast SEO Premium plugin. -->","yoast_head_json":{"title":"Contacto - Zidtech - Zona Integral Digital de Tecnolog\u00eda","robots":{"index":"index","follow":"follow","max-snippet":"max-snippet:-1","max-image-preview":"max-image-preview:large","max-video-preview":"max-video-preview:-1"},"canonical":"https:\/\/zidtech.net\/ztch\/contact\/","og_locale":"es_MX","og_type":"article","og_title":"Contacto - Zidtech - Zona Integral Digital de Tecnolog\u00eda","og_description":"Contacto Permitenos servirte como te mereces Ponemos a tu alcance todas nuestras formas de contacto. Estamos convencidos de atenderte y poder cumplir todas las expectativas que tienes en mente para tu unidad de negocio. Solicite una consulta Gratuita Ponte en Contacto Comun\u00edquese con Nosotros Ciudad de M\u00e9xico informes@zidtech.net +52 55 8083 3248 Estamos A tus [&hellip;]","og_url":"https:\/\/zidtech.net\/ztch\/contact\/","og_site_name":"Zidtech - Zona Integral Digital de Tecnolog\u00eda","article_publisher":"https:\/\/www.facebook.com\/Zidtech.net\/","article_modified_time":"2024-12-14T19:33:55+00:00","twitter_card":"summary_large_image","twitter_misc":{"Tiempo de lectura":"1 minuto"},"schema":{"@context":"https:\/\/schema.org","@graph":[{"@type":"WebPage","@id":"https:\/\/zidtech.net\/ztch\/contact\/","url":"https:\/\/zidtech.net\/ztch\/contact\/","name":"Contacto - Zidtech - Zona Integral Digital de Tecnolog\u00eda","isPartOf":{"@id":"https:\/\/zidtech.net\/ztch\/#website"},"datePublished":"2020-02-19T07:08:22+00:00","dateModified":"2024-12-14T19:33:55+00:00","breadcrumb":{"@id":"https:\/\/zidtech.net\/ztch\/contact\/#breadcrumb"},"inLanguage":"es","potentialAction":[{"@type":"ReadAction","target":["https:\/\/zidtech.net\/ztch\/contact\/"]}]},{"@type":"BreadcrumbList","@id":"https:\/\/zidtech.net\/ztch\/contact\/#breadcrumb","itemListElement":[{"@type":"ListItem","position":1,"name":"Inicio","item":"https:\/\/zidtech.net\/ztch\/"},{"@type":"ListItem","position":2,"name":"Contacto"}]},{"@type":"WebSite","@id":"https:\/\/zidtech.net\/ztch\/#website","url":"https:\/\/zidtech.net\/ztch\/","name":"Zidtech - Zona Integral Digital de Tecnolog\u00eda","description":"Zidtech - Soluciones en Tecnolog\u00eda y Capacitaci\u00f3n","publisher":{"@id":"https:\/\/zidtech.net\/ztch\/#organization"},"potentialAction":[{"@type":"SearchAction","target":{"@type":"EntryPoint","urlTemplate":"https:\/\/zidtech.net\/ztch\/?s={search_term_string}"},"query-input":{"@type":"PropertyValueSpecification","valueRequired":true,"valueName":"search_term_string"}}],"inLanguage":"es"},{"@type":"Organization","@id":"https:\/\/zidtech.net\/ztch\/#organization","name":"Zidtech","url":"https:\/\/zidtech.net\/ztch\/","logo":{"@type":"ImageObject","inLanguage":"es","@id":"https:\/\/zidtech.net\/ztch\/#\/schema\/logo\/image\/","url":"https:\/\/zidtech.net\/ztch\/wp-content\/uploads\/2020\/12\/LogoOficialZidtechClaro.png","contentUrl":"https:\/\/zidtech.net\/ztch\/wp-content\/uploads\/2020\/12\/LogoOficialZidtechClaro.png","width":3055,"height":1750,"caption":"Zidtech"},"image":{"@id":"https:\/\/zidtech.net\/ztch\/#\/schema\/logo\/image\/"},"sameAs":["https:\/\/www.facebook.com\/Zidtech.net\/","https:\/\/youtube.com\/channel\/UCu2EDRRvePAGvA-05OG1Yxg"]}]}},"_links":{"self":[{"href":"https:\/\/zidtech.net\/ztch\/wp-json\/wp\/v2\/pages\/1441","targetHints":{"allow":["GET"]}}],"collection":[{"href":"https:\/\/zidtech.net\/ztch\/wp-json\/wp\/v2\/pages"}],"about":[{"href":"https:\/\/zidtech.net\/ztch\/wp-json\/wp\/v2\/types\/page"}],"author":[{"embeddable":true,"href":"https:\/\/zidtech.net\/ztch\/wp-json\/wp\/v2\/users\/1"}],"replies":[{"embeddable":true,"href":"https:\/\/zidtech.net\/ztch\/wp-json\/wp\/v2\/comments?post=1441"}],"version-history":[{"count":22,"href":"https:\/\/zidtech.net\/ztch\/wp-json\/wp\/v2\/pages\/1441\/revisions"}],"predecessor-version":[{"id":4162,"href":"https:\/\/zidtech.net\/ztch\/wp-json\/wp\/v2\/pages\/1441\/revisions\/4162"}],"wp:attachment":[{"href":"https:\/\/zidtech.net\/ztch\/wp-json\/wp\/v2\/media?parent=1441"}],"curies":[{"name":"wp","href":"https:\/\/api.w.org\/{rel}","templated":true}]}}